{"id":459,"date":"2024-03-04T15:54:34","date_gmt":"2024-03-04T14:54:34","guid":{"rendered":"https:\/\/test.lisetteschuitemaker.com\/about-lisette-schuitemaker\/"},"modified":"2024-04-04T14:28:14","modified_gmt":"2024-04-04T12:28:14","slug":"ueber-lisette","status":"publish","type":"page","link":"https:\/\/lisetteschuitemaker.com\/de\/","title":{"rendered":"\u00dcber Lisette"},"content":{"rendered":"\t\t<div data-elementor-type=\"wp-page\" data-elementor-id=\"459\" class=\"elementor elementor-459 elementor-25\" data-elementor-post-type=\"page\">\n\t\t\t\t<div class=\"elementor-element elementor-element-385988c e-flex e-con-boxed e-con e-parent\" data-id=\"385988c\" data-element_type=\"container\" data-e-type=\"container\">\n\t\t\t\t\t<div class=\"e-con-inner\">\n\t\t<div class=\"elementor-element elementor-element-69c3917 e-con-full e-flex e-con e-child\" data-id=\"69c3917\" data-element_type=\"container\" data-e-type=\"container\">\n\t\t\t\t<div class=\"elementor-element elementor-element-0a6ca27 elementor-widget elementor-widget-image\" data-id=\"0a6ca27\" data-element_type=\"widget\" data-e-type=\"widget\" data-widget_type=\"image.default\">\n\t\t\t\t<div class=\"elementor-widget-container\">\n\t\t\t\t\t\t\t\t\t\t\t\t\t\t\t<img fetchpriority=\"high\" decoding=\"async\" width=\"500\" height=\"667\" src=\"https:\/\/lisetteschuitemaker.com\/wp-content\/uploads\/lisette-schuitmaker-about-me.jpg\" class=\"attachment-large size-large wp-image-103\" alt=\"Lisette Schuitemaker About me\" srcset=\"https:\/\/lisetteschuitemaker.com\/wp-content\/uploads\/lisette-schuitmaker-about-me.jpg 500w, https:\/\/lisetteschuitemaker.com\/wp-content\/uploads\/lisette-schuitmaker-about-me-375x500.jpg 375w\" sizes=\"(max-width: 500px) 100vw, 500px\" \/>\t\t\t\t\t\t\t\t\t\t\t\t\t\t\t<\/div>\n\t\t\t\t<\/div>\n\t\t\t\t<\/div>\n\t\t<div class=\"elementor-element elementor-element-7b8f745 e-con-full e-flex e-con e-child\" data-id=\"7b8f745\" data-element_type=\"container\" data-e-type=\"container\">\n\t\t\t\t<div class=\"elementor-element elementor-element-0ae2eaa elementor-widget elementor-widget-heading\" data-id=\"0ae2eaa\" data-element_type=\"widget\" data-e-type=\"widget\" data-widget_type=\"heading.default\">\n\t\t\t\t<div class=\"elementor-widget-container\">\n\t\t\t\t\t<h3 class=\"elementor-heading-title elementor-size-default\">Lisette war Unternehmerin und ist heute Vorstandsmitglied, Autorin und nachhaltige Investorin<\/h3>\t\t\t\t<\/div>\n\t\t\t\t<\/div>\n\t\t\t\t<div class=\"elementor-element elementor-element-889e956 elementor-widget elementor-widget-text-editor\" data-id=\"889e956\" data-element_type=\"widget\" data-e-type=\"widget\" data-widget_type=\"text-editor.default\">\n\t\t\t\t<div class=\"elementor-widget-container\">\n\t\t\t\t\t\t\t\t\t<p>Bevor Lisette B\u00fccher \u00fcber pers\u00f6nliche und spirituelle Entwicklung schrieb, besa\u00df und leitete sie eine Kommunikationsagentur, die sie dann erfolgreich verkaufte. Nach dem Bachelorabschluss an der renommierten Brennan School of Healing in den USA er\u00f6ffnete sie eine eigene Praxis als Life Coach. Heute ist sie hauptberuflich Autorin von Sachb\u00fcchern zu Themen, die sichtbar unsichtbar sind.<\/p><p>Lisette ist eine beliebte Sprecherin auf Konferenzen und Veranstaltungen und tritt regelm\u00e4\u00dfig bei Radiosendungen und Podcasts auf. Eines ihrer ersten B\u00fccher \u201eThe Eldest Daughter Effect \u2013 How Firstborn Women Harness Their Strengths\u201c (Der \u00c4lteste-Tochter-Effekt \u2013 Wie erstgeborene Frauen ihre St\u00e4rken nutzen k\u00f6nnen) war auch das Thema ihres <a href=\"https:\/\/www.youtube.com\/watch?v=vY1zTRD7YwE&amp;t=727s\" target=\"_blank\" rel=\"noopener\">TEDx Talk<\/a>.<\/p><p>Lisette ist seit Jahrzehnten ehrenamtlich im Bereich der Bewusstseinserweiterung und -transformation t\u00e4tig, zuletzt als Vorsitzende des Vorstands des <a href=\"https:\/\/www.humanemergence.nl\/\" target=\"_blank\" rel=\"noopener\">Center for Human Emergence<\/a> in den Niederlanden und der <a href=\"https:\/\/www.findhorn.org\/\" target=\"_blank\" rel=\"noopener\">Findhorn Foundation<\/a> in Schottland. Heute ist sie eine aktive ethisch-nachhaltige Investorin in zukunftsweisenden Social Entrepreneurships wie <a href=\"https:\/\/amsterdam.impacthub.net\/nl\/\" target=\"_blank\" rel=\"noopener\">Impact Hub Amsterdam<\/a> und <a href=\"https:\/\/www.ubiquityuniversity.org\/\" target=\"_blank\" rel=\"noopener\">Ubiquity University<\/a>.<\/p><p>Ihr erster Abschluss war ein Magister in klassischem Latein und Altgriechisch an der Universit\u00e4t von Leiden in den Niederlanden.<\/p>\t\t\t\t\t\t\t\t<\/div>\n\t\t\t\t<\/div>\n\t\t\t\t<\/div>\n\t\t\t\t\t<\/div>\n\t\t\t\t<\/div>\n\t\t\t\t<\/div>\n\t\t","protected":false},"excerpt":{"rendered":"<p>Lisette war Unternehmerin und ist heute Vorstandsmitglied, Autorin und nachhaltige Investorin Bevor Lisette B\u00fccher \u00fcber pers\u00f6nliche und spirituelle Entwicklung schrieb, besa\u00df und leitete sie eine Kommunikationsagentur, die sie dann erfolgreich verkaufte. Nach dem Bachelorabschluss an der renommierten Brennan School of Healing in den USA er\u00f6ffnete sie eine eigene Praxis als Life Coach. Heute ist sie [&hellip;]<\/p>\n","protected":false},"author":1,"featured_media":0,"parent":0,"menu_order":0,"comment_status":"closed","ping_status":"closed","template":"","meta":{"footnotes":""},"class_list":["post-459","page","type-page","status-publish","hentry"],"yoast_head":"<!-- This site is optimized with the Yoast SEO plugin v27.3 - https:\/\/yoast.com\/product\/yoast-seo-wordpress\/ -->\n<title>\u00dcber Lisette - Lisette Schuitemaker: author, impact investor and board director<\/title>\n<meta name=\"robots\" content=\"index, follow, max-snippet:-1, max-image-preview:large, max-video-preview:-1\" \/>\n<link rel=\"canonical\" href=\"https:\/\/lisetteschuitemaker.com\/de\/\" \/>\n<meta property=\"og:locale\" content=\"de_DE\" \/>\n<meta property=\"og:type\" content=\"article\" \/>\n<meta property=\"og:title\" content=\"\u00dcber Lisette - Lisette Schuitemaker: author, impact investor and board director\" \/>\n<meta property=\"og:description\" content=\"Lisette war Unternehmerin und ist heute Vorstandsmitglied, Autorin und nachhaltige Investorin Bevor Lisette B\u00fccher \u00fcber pers\u00f6nliche und spirituelle Entwicklung schrieb, besa\u00df und leitete sie eine Kommunikationsagentur, die sie dann erfolgreich verkaufte. Nach dem Bachelorabschluss an der renommierten Brennan School of Healing in den USA er\u00f6ffnete sie eine eigene Praxis als Life Coach. Heute ist sie [&hellip;]\" \/>\n<meta property=\"og:url\" content=\"https:\/\/lisetteschuitemaker.com\/de\/\" \/>\n<meta property=\"og:site_name\" content=\"Lisette Schuitemaker: author, impact investor and board director\" \/>\n<meta property=\"article:publisher\" content=\"https:\/\/www.facebook.com\/lisette.schuitemaker?fref=ts\" \/>\n<meta property=\"article:modified_time\" content=\"2024-04-04T12:28:14+00:00\" \/>\n<meta property=\"og:image\" content=\"https:\/\/lisetteschuitemaker.com\/wp-content\/uploads\/lisette-schuitmaker-about-me.jpg\" \/>\n<meta name=\"twitter:card\" content=\"summary_large_image\" \/>\n<meta name=\"twitter:label1\" content=\"Gesch\u00e4tzte Lesezeit\" \/>\n\t<meta name=\"twitter:data1\" content=\"1\u00a0Minute\" \/>\n<script type=\"application\/ld+json\" class=\"yoast-schema-graph\">{\"@context\":\"https:\\\/\\\/schema.org\",\"@graph\":[{\"@type\":\"WebPage\",\"@id\":\"https:\\\/\\\/lisetteschuitemaker.com\\\/de\\\/\",\"url\":\"https:\\\/\\\/lisetteschuitemaker.com\\\/de\\\/\",\"name\":\"\u00dcber Lisette - Lisette Schuitemaker: author, impact investor and board director\",\"isPartOf\":{\"@id\":\"https:\\\/\\\/lisetteschuitemaker.com\\\/de\\\/#website\"},\"primaryImageOfPage\":{\"@id\":\"https:\\\/\\\/lisetteschuitemaker.com\\\/de\\\/#primaryimage\"},\"image\":{\"@id\":\"https:\\\/\\\/lisetteschuitemaker.com\\\/de\\\/#primaryimage\"},\"thumbnailUrl\":\"https:\\\/\\\/lisetteschuitemaker.com\\\/wp-content\\\/uploads\\\/lisette-schuitmaker-about-me.jpg\",\"datePublished\":\"2024-03-04T14:54:34+00:00\",\"dateModified\":\"2024-04-04T12:28:14+00:00\",\"breadcrumb\":{\"@id\":\"https:\\\/\\\/lisetteschuitemaker.com\\\/de\\\/#breadcrumb\"},\"inLanguage\":\"de\",\"potentialAction\":[{\"@type\":\"ReadAction\",\"target\":[\"https:\\\/\\\/lisetteschuitemaker.com\\\/de\\\/\"]}]},{\"@type\":\"ImageObject\",\"inLanguage\":\"de\",\"@id\":\"https:\\\/\\\/lisetteschuitemaker.com\\\/de\\\/#primaryimage\",\"url\":\"https:\\\/\\\/lisetteschuitemaker.com\\\/wp-content\\\/uploads\\\/lisette-schuitmaker-about-me.jpg\",\"contentUrl\":\"https:\\\/\\\/lisetteschuitemaker.com\\\/wp-content\\\/uploads\\\/lisette-schuitmaker-about-me.jpg\"},{\"@type\":\"BreadcrumbList\",\"@id\":\"https:\\\/\\\/lisetteschuitemaker.com\\\/de\\\/#breadcrumb\",\"itemListElement\":[{\"@type\":\"ListItem\",\"position\":1,\"name\":\"Home\",\"item\":\"https:\\\/\\\/lisetteschuitemaker.com\\\/de\\\/ueber-lisette\\\/\"},{\"@type\":\"ListItem\",\"position\":2,\"name\":\"\u00dcber Lisette\"}]},{\"@type\":\"WebSite\",\"@id\":\"https:\\\/\\\/lisetteschuitemaker.com\\\/de\\\/#website\",\"url\":\"https:\\\/\\\/lisetteschuitemaker.com\\\/de\\\/\",\"name\":\"Lisette Schuitemaker: author, impact investor and board director\",\"description\":\"Author, impact investor and board director\",\"publisher\":{\"@id\":\"https:\\\/\\\/lisetteschuitemaker.com\\\/de\\\/#\\\/schema\\\/person\\\/cb28fe97e3ab7fafe83fd08ecbcc9719\"},\"potentialAction\":[{\"@type\":\"SearchAction\",\"target\":{\"@type\":\"EntryPoint\",\"urlTemplate\":\"https:\\\/\\\/lisetteschuitemaker.com\\\/de\\\/?s={search_term_string}\"},\"query-input\":{\"@type\":\"PropertyValueSpecification\",\"valueRequired\":true,\"valueName\":\"search_term_string\"}}],\"inLanguage\":\"de\"},{\"@type\":[\"Person\",\"Organization\"],\"@id\":\"https:\\\/\\\/lisetteschuitemaker.com\\\/de\\\/#\\\/schema\\\/person\\\/cb28fe97e3ab7fafe83fd08ecbcc9719\",\"name\":\"Lisette Schuitemaker\",\"image\":{\"@type\":\"ImageObject\",\"inLanguage\":\"de\",\"@id\":\"https:\\\/\\\/lisetteschuitemaker.com\\\/wp-content\\\/uploads\\\/L.png\",\"url\":\"https:\\\/\\\/lisetteschuitemaker.com\\\/wp-content\\\/uploads\\\/L.png\",\"contentUrl\":\"https:\\\/\\\/lisetteschuitemaker.com\\\/wp-content\\\/uploads\\\/L.png\",\"width\":20,\"height\":26,\"caption\":\"Lisette Schuitemaker\"},\"logo\":{\"@id\":\"https:\\\/\\\/lisetteschuitemaker.com\\\/wp-content\\\/uploads\\\/L.png\"},\"sameAs\":[\"https:\\\/\\\/www.facebook.com\\\/lisette.schuitemaker?fref=ts\",\"https:\\\/\\\/www.instagram.com\\\/lisetteschuit\\\/\",\"https:\\\/\\\/www.linkedin.com\\\/in\\\/lisette-schuitemaker-77a488\\\/\",\"https:\\\/\\\/youtu.be\\\/vY1zTRD7YwE?si=jB34-FbAaau0gh1p\"]}]}<\/script>\n<!-- \/ Yoast SEO plugin. -->","yoast_head_json":{"title":"\u00dcber Lisette - Lisette Schuitemaker: author, impact investor and board director","robots":{"index":"index","follow":"follow","max-snippet":"max-snippet:-1","max-image-preview":"max-image-preview:large","max-video-preview":"max-video-preview:-1"},"canonical":"https:\/\/lisetteschuitemaker.com\/de\/","og_locale":"de_DE","og_type":"article","og_title":"\u00dcber Lisette - Lisette Schuitemaker: author, impact investor and board director","og_description":"Lisette war Unternehmerin und ist heute Vorstandsmitglied, Autorin und nachhaltige Investorin Bevor Lisette B\u00fccher \u00fcber pers\u00f6nliche und spirituelle Entwicklung schrieb, besa\u00df und leitete sie eine Kommunikationsagentur, die sie dann erfolgreich verkaufte. Nach dem Bachelorabschluss an der renommierten Brennan School of Healing in den USA er\u00f6ffnete sie eine eigene Praxis als Life Coach. Heute ist sie [&hellip;]","og_url":"https:\/\/lisetteschuitemaker.com\/de\/","og_site_name":"Lisette Schuitemaker: author, impact investor and board director","article_publisher":"https:\/\/www.facebook.com\/lisette.schuitemaker?fref=ts","article_modified_time":"2024-04-04T12:28:14+00:00","og_image":[{"url":"https:\/\/lisetteschuitemaker.com\/wp-content\/uploads\/lisette-schuitmaker-about-me.jpg","type":"","width":"","height":""}],"twitter_card":"summary_large_image","twitter_misc":{"Gesch\u00e4tzte Lesezeit":"1\u00a0Minute"},"schema":{"@context":"https:\/\/schema.org","@graph":[{"@type":"WebPage","@id":"https:\/\/lisetteschuitemaker.com\/de\/","url":"https:\/\/lisetteschuitemaker.com\/de\/","name":"\u00dcber Lisette - Lisette Schuitemaker: author, impact investor and board director","isPartOf":{"@id":"https:\/\/lisetteschuitemaker.com\/de\/#website"},"primaryImageOfPage":{"@id":"https:\/\/lisetteschuitemaker.com\/de\/#primaryimage"},"image":{"@id":"https:\/\/lisetteschuitemaker.com\/de\/#primaryimage"},"thumbnailUrl":"https:\/\/lisetteschuitemaker.com\/wp-content\/uploads\/lisette-schuitmaker-about-me.jpg","datePublished":"2024-03-04T14:54:34+00:00","dateModified":"2024-04-04T12:28:14+00:00","breadcrumb":{"@id":"https:\/\/lisetteschuitemaker.com\/de\/#breadcrumb"},"inLanguage":"de","potentialAction":[{"@type":"ReadAction","target":["https:\/\/lisetteschuitemaker.com\/de\/"]}]},{"@type":"ImageObject","inLanguage":"de","@id":"https:\/\/lisetteschuitemaker.com\/de\/#primaryimage","url":"https:\/\/lisetteschuitemaker.com\/wp-content\/uploads\/lisette-schuitmaker-about-me.jpg","contentUrl":"https:\/\/lisetteschuitemaker.com\/wp-content\/uploads\/lisette-schuitmaker-about-me.jpg"},{"@type":"BreadcrumbList","@id":"https:\/\/lisetteschuitemaker.com\/de\/#breadcrumb","itemListElement":[{"@type":"ListItem","position":1,"name":"Home","item":"https:\/\/lisetteschuitemaker.com\/de\/ueber-lisette\/"},{"@type":"ListItem","position":2,"name":"\u00dcber Lisette"}]},{"@type":"WebSite","@id":"https:\/\/lisetteschuitemaker.com\/de\/#website","url":"https:\/\/lisetteschuitemaker.com\/de\/","name":"Lisette Schuitemaker: author, impact investor and board director","description":"Author, impact investor and board director","publisher":{"@id":"https:\/\/lisetteschuitemaker.com\/de\/#\/schema\/person\/cb28fe97e3ab7fafe83fd08ecbcc9719"},"potentialAction":[{"@type":"SearchAction","target":{"@type":"EntryPoint","urlTemplate":"https:\/\/lisetteschuitemaker.com\/de\/?s={search_term_string}"},"query-input":{"@type":"PropertyValueSpecification","valueRequired":true,"valueName":"search_term_string"}}],"inLanguage":"de"},{"@type":["Person","Organization"],"@id":"https:\/\/lisetteschuitemaker.com\/de\/#\/schema\/person\/cb28fe97e3ab7fafe83fd08ecbcc9719","name":"Lisette Schuitemaker","image":{"@type":"ImageObject","inLanguage":"de","@id":"https:\/\/lisetteschuitemaker.com\/wp-content\/uploads\/L.png","url":"https:\/\/lisetteschuitemaker.com\/wp-content\/uploads\/L.png","contentUrl":"https:\/\/lisetteschuitemaker.com\/wp-content\/uploads\/L.png","width":20,"height":26,"caption":"Lisette Schuitemaker"},"logo":{"@id":"https:\/\/lisetteschuitemaker.com\/wp-content\/uploads\/L.png"},"sameAs":["https:\/\/www.facebook.com\/lisette.schuitemaker?fref=ts","https:\/\/www.instagram.com\/lisetteschuit\/","https:\/\/www.linkedin.com\/in\/lisette-schuitemaker-77a488\/","https:\/\/youtu.be\/vY1zTRD7YwE?si=jB34-FbAaau0gh1p"]}]}},"_links":{"self":[{"href":"https:\/\/lisetteschuitemaker.com\/de\/wp-json\/wp\/v2\/pages\/459","targetHints":{"allow":["GET"]}}],"collection":[{"href":"https:\/\/lisetteschuitemaker.com\/de\/wp-json\/wp\/v2\/pages"}],"about":[{"href":"https:\/\/lisetteschuitemaker.com\/de\/wp-json\/wp\/v2\/types\/page"}],"author":[{"embeddable":true,"href":"https:\/\/lisetteschuitemaker.com\/de\/wp-json\/wp\/v2\/users\/1"}],"replies":[{"embeddable":true,"href":"https:\/\/lisetteschuitemaker.com\/de\/wp-json\/wp\/v2\/comments?post=459"}],"version-history":[{"count":11,"href":"https:\/\/lisetteschuitemaker.com\/de\/wp-json\/wp\/v2\/pages\/459\/revisions"}],"predecessor-version":[{"id":1111,"href":"https:\/\/lisetteschuitemaker.com\/de\/wp-json\/wp\/v2\/pages\/459\/revisions\/1111"}],"wp:attachment":[{"href":"https:\/\/lisetteschuitemaker.com\/de\/wp-json\/wp\/v2\/media?parent=459"}],"curies":[{"name":"wp","href":"https:\/\/api.w.org\/{rel}","templated":true}]}}